{"id":27,"date":"2015-12-24T10:10:31","date_gmt":"2015-12-24T10:10:31","guid":{"rendered":"http:\/\/medical.omnicom-dev.com\/dentist\/?page_id=27"},"modified":"2023-05-13T10:08:51","modified_gmt":"2023-05-13T10:08:51","slug":"working-hours","status":"publish","type":"page","link":"https:\/\/cdvoliveira.pt\/pt\/about-us\/working-hours\/","title":{"rendered":"Working hours"},"content":{"rendered":"<p><section id=\"bt_section69e13d14f2907\"  class=\"boldSection topSemiSpaced btDarkSkin gutter inherit wBackground cover btAccentColorBackground\" style=\"background-image:url('https:\/\/cdvoliveira.pt\/pt\/wp-content\/uploads\/2017\/01\/banner-01-dr.-gabriela.jpg');\"><div class=\"port\"><div class=\"boldCell\"><div class=\"boldCellInner\"><div class=\"boldRow  \" ><div class=\"boldRowInner\"><div class=\"rowItem col-md-9 col-ms-12  btTextLeft animate animate-fadein animate-moveleft inherit\"  ><div class=\"rowItemContent\" ><div class=\"btClear btSeparator topExtraSpaced bottomSmallSpaced noBorder\" ><hr><\/div><header class=\"header btClear extralarge btDash topDash  btNormalDash\" ><div class=\"btSuperTitle\">Sobre n\u00f3s<\/div><div class=\"dash\"><h1><span class=\"headline\">HOR\u00c1RIO DE FUNCIONAMENTO<\/span><\/h1><\/div><div class=\"btSubTitle\">Procura Cl\u00ednica Dent\u00e1ria em Valen\u00e7a? Encontrou!<\/div><\/header><div class=\"btClear btSeparator topExtraSmallSpaced noBorder\" ><hr><\/div><a href=\"https:\/\/cdvoliveira.pt\/pt\/about-us\/appointments\/\" class=\"btBtn btBtn btnFilledStyle btnAccentColor btnMedium btnNormalWidth btnRightPosition btnNoIcon\" ><span class=\"btnInnerText\">MARCA\u00c7\u00d5ES<\/span><\/a><a href=\"https:\/\/cdvoliveira.pt\/pt\/pages\/services\/\" class=\"btBtn btBtn btnFilledStyle btnAlternateColor btnMedium btnNormalWidth btnRightPosition btnNoIcon\" ><span class=\"btnInnerText\">SERVI\u00c7OS<\/span><\/a><div class=\"btClear btSeparator topSpaced noBorder\" ><hr><\/div><\/div><\/div><div class=\"rowItem col-md-3 col-sm-6 col-ms-12 btTextLeft\"  ><div class=\"rowItemContent\" ><\/div><\/div><\/div><\/div><\/div><\/div><\/div><\/section><section id=\"bt_section69e13d15012ec\"  class=\"boldSection gutter inherit\" style=\"margin-top: -6px;\"><div class=\"port\"><div class=\"boldCell\"><div class=\"boldCellInner\"><div class=\"boldRow  \" ><div class=\"boldRowInner\"><div class=\"rowItem col-md-3 col-sm-6 col-ms-12 btTextLeft inherit\" style=\"background-color: rgba(0, 179, 204, 1);\" ><div class=\"rowItemContent\" ><div class=\"btClear btSeparator topExtraSmallSpaced noBorder\" ><hr><\/div><\/div><\/div><div class=\"rowItem col-md-3 col-sm-6 col-ms-12 btTextLeft inherit\" style=\"background-color: rgba(0, 161, 190, 1);\" ><div class=\"rowItemContent\" ><div class=\"btClear btSeparator topExtraSmallSpaced noBorder\" ><hr><\/div><\/div><\/div><div class=\"rowItem col-md-3 col-sm-6 col-ms-12 btTextLeft inherit\" style=\"background-color: rgba(0, 135, 170, 1);\" ><div class=\"rowItemContent\" ><div class=\"btClear btSeparator topExtraSmallSpaced noBorder\" ><hr><\/div><\/div><\/div><div class=\"rowItem col-md-3 col-sm-6 col-ms-12 btTextLeft inherit\" style=\"background-color: rgba(0, 109, 149, 1);\" ><div class=\"rowItemContent\" ><div class=\"btClear btSeparator topExtraSmallSpaced noBorder\" ><hr><\/div><\/div><\/div><\/div><\/div><\/div><\/div><\/div><\/section><section id=\"bt_section69e13d1501c40\"  class=\"boldSection topSpaced bottomSpaced gutter btMiddleVertical\" ><div class=\"port\"><div class=\"boldCell\"><div class=\"boldCellInner\"><div class=\"boldRow  \" ><div class=\"boldRowInner\"><div class=\"rowItem btRightBorder col-md-8 col-ms-12 btTextLeft animate animate-fadein animate-moveright inherit\"  ><div class=\"rowItemContent\" ><header class=\"header btClear large  btNormalDash\" ><div class=\"btSuperTitle\">As visitas ao m\u00e9dico \u00e0s vezes s\u00e3o devido a uma dor real, estamos presentes quando precisa de n\u00f3s, no momento escolhido. Basta seguir estes passos para garantir uma consulta.<\/div><\/header><div class=\"btClear btSeparator bottomSmallSpaced border\" ><hr><\/div><div class=\"btText\" ><\/p>\n<p>O corpo cl\u00ednico \u00e9 composto por m\u00e9dicos de refer\u00eancia, altamente qualificados, atuam nas diferentes \u00e1reas da medicina dent\u00e1ria, que atrav\u00e9s de forma\u00e7\u00e3o constante e tecnologia avan\u00e7ada, t\u00eam como objetivo fornecer ao paciente o melhor servi\u00e7o m\u00e9dico, com as t\u00e9cnicas mais inovadoras, sempre com uma filosofia de colabora\u00e7\u00e3o interdisciplinar, garantindo elevados n\u00edveis \u00e9ticos na aplica\u00e7\u00e3o cl\u00ednica dos conhecimentos.<\/p>\n<p>\n<\/div><div class=\"btClear btSeparator topSmallSpaced bottomSmallSpaced border\" ><hr><\/div><header class=\"header btClear medium  btNormalDash\" ><div class=\"dash\"><h3><span class=\"headline\">O QUE LEMBRAR<\/span><\/h3><\/div><\/header><div class=\"btClear btSeparator bottomSmallSpaced noBorder\" ><hr><\/div><div class=\"boldRow boldInnerRow  \" ><div class=\"rowItem rowInnerItem col-md-6  btTextLeft\"  ><div class=\"rowItemContent\"><div class=\"servicesItem  btIcoAccentColorIcon btIcoMediumSizeIcon  \"><div class=\"sIcon\"><span class=\"btIco btIcoMediumSize btIcoDefaultType btIcoAccentColor\" ><span  data-ico-s7=\"&#xe66b;\" class=\"btIcoHolder\"><em><\/em><\/span><\/span><\/div><div class=\"sTxt\"><header class=\"header btClear small\" ><div class=\"dash\"><h4><span class=\"headline\">VERIFIQUE SE TEM TEMPO<\/span><\/h4><\/div><\/header><p>Preparar-se para a consulta pode fazer toda a diferen\u00e7a no tratamento!<\/p><\/div><\/div><div class=\"btClear btSeparator bottomSemiSpaced noBorder\" ><hr><\/div><div class=\"servicesItem  btIcoAccentColorIcon btIcoMediumSizeIcon  \"><div class=\"sIcon\"><span class=\"btIco btIcoMediumSize btIcoDefaultType btIcoAccentColor\" ><span  data-ico-s7=\"&#xe6ae;\" class=\"btIcoHolder\"><em><\/em><\/span><\/span><\/div><div class=\"sTxt\"><header class=\"header btClear small\" ><div class=\"dash\"><h4><span class=\"headline\">CHEGAR A TEMPO<\/span><\/h4><\/div><\/header><p>As consultas s\u00e3o marcadas por hora certa que , por princ\u00edpio, tentamos cumprir. Assim, n\u00e3o necessita chegar com muita anteced\u00eancia, sendo 15 minutos, o ideal.<\/p><\/div><\/div><div class=\"btClear btSeparator bottomSemiSpaced noBorder\" ><hr><\/div><\/div><\/div><div class=\"rowItem rowInnerItem col-md-6  btTextLeft\"  ><div class=\"rowItemContent\"><div class=\"servicesItem  btIcoAccentColorIcon btIcoMediumSizeIcon  \"><div class=\"sIcon\"><span class=\"btIco btIcoMediumSize btIcoDefaultType btIcoAccentColor\" ><span  data-ico-s7=\"&#xe660;\" class=\"btIcoHolder\"><em><\/em><\/span><\/span><\/div><div class=\"sTxt\"><header class=\"header btClear small\" ><div class=\"dash\"><h4><span class=\"headline\">VERIFIQUE A DATA E HORA<\/span><\/h4><\/div><\/header><p>Com anteced\u00eancia verifique data, hora e nome do cl\u00ednico no seu cart\u00e3o de marca\u00e7\u00e3o.<\/p><\/div><\/div><div class=\"btClear btSeparator bottomSemiSpaced noBorder\" ><hr><\/div><div class=\"servicesItem  btIcoAccentColorIcon btIcoMediumSizeIcon  \"><div class=\"sIcon\"><span class=\"btIco btIcoMediumSize btIcoDefaultType btIcoAccentColor\" ><span  data-ico-s7=\"&#xe6c6;\" class=\"btIcoHolder\"><em><\/em><\/span><\/span><\/div><div class=\"sTxt\"><header class=\"header btClear small\" ><div class=\"dash\"><h4><span class=\"headline\">TERMINE A VERIFICA\u00c7\u00c3O<\/span><\/h4><\/div><\/header><p>Dever\u00e1 trazer os seguintes documentos: cart\u00e3o de utente do SNS e bilhete de identidade. Se tiver cart\u00e3o de seguradora ou de um subsistema de sa\u00fade deve tamb\u00e9m traz\u00ea-lo. <\/p><\/div><\/div><div class=\"btClear btSeparator bottomSemiSpaced noBorder\" ><hr><\/div><\/div><\/div><\/div><\/div><\/div><div class=\"rowItem col-md-4 col-ms-12 btTextCenter animate animate-fadein btTextIndent inherit btDoublePadding\"  ><div class=\"rowItemContent\" ><div class=\"btClear btSeparator topSmallSpaced noBorder\" ><hr><\/div><header class=\"header btClear medium  btNormalDash\" ><div class=\"dash\"><h3><span class=\"headline\">HOR\u00c1RIO<\/span><\/h3><\/div><\/header><div class=\"btText\" ><\/p>\n<p>Consultas.<\/p>\n<p>\n<\/div><div class=\"btClear btSeparator topSmallSpaced noBorder\" ><hr><\/div><div class=\"btWorkingHours  btWorkingHoursHasLink \" ><div class=\"btWorkingHoursInner\"><div class=\"btWorkingHoursInnerRow\"><div class=\"btWorkingHoursInnerTitle\">Segunda<\/div><div class=\"btWorkingHoursInnerContent\">9:00 \u00e0s 20:00<\/div><div class=\"btWorkingHoursInnerLink\"><a href=\"appointments<br \/>&#8221; title=&#8221;BOOK&#8221;>BOOK<\/a><\/div><\/div><div class=\"btWorkingHoursInnerRow\"><div class=\"btWorkingHoursInnerTitle\">Ter\u00e7a<\/div><div class=\"btWorkingHoursInnerContent\">9:00 \u00e0s 20:00<\/div><div class=\"btWorkingHoursInnerLink\"><a href=\"appointments<br \/>&#8221; title=&#8221;BOOK&#8221;>BOOK<\/a><\/div><\/div><div class=\"btWorkingHoursInnerRow\"><div class=\"btWorkingHoursInnerTitle\">Quarta<\/div><div class=\"btWorkingHoursInnerContent\">9:00 \u00e0s 20:00<\/div><div class=\"btWorkingHoursInnerLink\"><a href=\"appointments<br \/>&#8221; title=&#8221;BOOK&#8221;>BOOK<\/a><\/div><\/div><div class=\"btWorkingHoursInnerRow\"><div class=\"btWorkingHoursInnerTitle\">Quinta<\/div><div class=\"btWorkingHoursInnerContent\">9:00 \u00e0s 20:00<\/div><div class=\"btWorkingHoursInnerLink\"><a href=\"appointments<br \/>&#8221; title=&#8221;BOOK&#8221;>BOOK<\/a><\/div><\/div><div class=\"btWorkingHoursInnerRow\"><div class=\"btWorkingHoursInnerTitle\">Sexta<\/div><div class=\"btWorkingHoursInnerContent\">9:00 \u00e0s 20:00<\/div><div class=\"btWorkingHoursInnerLink\"><a href=\"appointments<br \/>&#8221; title=&#8221;BOOK&#8221;>BOOK<\/a><\/div><\/div><div class=\"btWorkingHoursInnerRow\"><div class=\"btWorkingHoursInnerTitle\">S\u00e1bado<\/div><div class=\"btWorkingHoursInnerContent\">9:00 \u00e0s 13:00<\/div><div class=\"btWorkingHoursInnerLink\"><a href=\"appointments<br \/>&#8221; title=&#8221;BOOK&#8221;>BOOK<\/a><\/div><\/div><div class=\"btWorkingHoursInnerRow\"><div class=\"btWorkingHoursInnerTitle\">Domingo<\/div><div class=\"btWorkingHoursInnerContent\">Fechado<\/div><\/div><\/div><\/div><div class=\"btClear btSeparator topSmallSpaced noBorder\" ><hr><\/div><a href=\"http:\/\/pt\/about-us\/doctors-profile\/\" class=\"btBtn btBtn btnFilledStyle btnAccentColor btnSmall btnNormalWidth btnRightPosition btnNoIcon\" target=\"_blank\"><span class=\"btnInnerText\">SUGEST\u00c3O CHECK UP<\/span><\/a><\/div><\/div><\/div><\/div><\/div><\/div><\/div><\/section><section id=\"bt_section69e13d1504e67\"  class=\"boldSection btDarkSkin gutter inherit btAccentColorBackground\" ><div class=\"port\"><div class=\"boldCell\"><div class=\"boldCellInner\"><div class=\"boldRow  \" ><div class=\"boldRowInner\"><div class=\"rowItem col-md-8 col-ms-12 btTextLeft animate animate-fadein animate-moveright inherit\"  ><div class=\"rowItemContent\" ><div class=\"btClear btSeparator topSemiSpaced noBorder\" ><hr><\/div><header class=\"header btClear medium  btNormalDash\" ><div class=\"btSuperTitle\">Fa\u00e7a um check-up<\/div><div class=\"dash\"><h3><span class=\"headline\">COM O SEU M\u00c9DICO<\/span><\/h3><\/div><\/header><div class=\"btText\" ><\/p>\n<p>Aprenda por que \u00e9 t\u00e3o importante incluir as visitas ao dentista.<\/p>\n<p>\n<\/div><div class=\"btClear btSeparator topSemiSpaced noBorder\" ><hr><\/div><\/div><\/div><div class=\"rowItem col-md-4 col-ms-12 btTextLeft animate animate-fadein animate-moveleft btMiddleVertical btDoublePadding\" style=\"background-color: rgba(0, 161, 190, 1);\" ><div class=\"rowItemContent\" ><div class=\"btClear btSeparator topSmallSpaced noBorder\" ><hr><\/div><header class=\"header btClear medium  btNormalDash\" ><div class=\"btSubTitle\">Selecione o seu m\u00e9dico<\/div><\/header><div class=\"btText\" ><\/p>\n<p>Selecione o m\u00e9dico que voc\u00ea preferir e reserve uma visita em quest\u00e3o de minutos.<\/p>\n<p>\n<\/div><div class=\"btClear btSeparator topSmallSpaced noBorder\" ><hr><\/div><div class=\"btDropdown btSpecTypeDropdown \" ><select class=\"btDropdownSelect\"><option value=\"\"> Escolha um m\u00e9dico<\/option><option value=\"doctors-profile<br \/>&#8220;>V\u00edtor Oliveira<\/option><option value=\"doctors-profile-florbela-castro<br \/>&#8220;>Florbela Castro<\/option><option value=\"doctors-profile-gabriela-castro<br \/>&#8220;>Gabriela Castro<\/option><option value=\"doctors-profile-elisabete-barbosa<br \/>\n&#8220;>Elisabete Barbosa<\/option><\/select><\/div><div class=\"btClear btSeparator topSmallSpaced noBorder\" ><hr><\/div><\/div><\/div><\/div><\/div><\/div><\/div><\/div><\/section><section id=\"bt_section69e13d150fdf5\"  class=\"boldSection btDarkSkin inherit\" ><div class=\"port\"><div class=\"boldCell\"><div class=\"boldCellInner\"><div class=\"boldRow  \" ><div class=\"boldRowInner\"><div class=\"rowItem col-md-12 col-ms-12  btTextLeft\"  ><div class=\"rowItemContent\" >\r\n\t\t\t<div class=\"btGoogleMapsWrapper \" \"><div id=\"map_canvas69e13d1510ed9\" style=\"height:500px;;\" class=\"btGmap\"><\/div><div class=\"btGoogleMapsContent\"><div class=\"btGoogleMapsWrap\"><span class=\"btInfoPaneToggler\"><\/span><div class=\"btClear btSeparator bottomSemiSpaced noBorder\" ><hr><\/div><header class=\"header btClear medium  btNormalDash\" ><div class=\"dash\"><h3><span class=\"headline\">HOR\u00c1RIO<\/span><\/h3><\/div><\/header><div class=\"btClear btSeparator topExtraSmallSpaced noBorder\" ><hr><\/div><div class=\"btWorkingHours  btWorkingHoursHasLink \" ><div class=\"btWorkingHoursInner\"><div class=\"btWorkingHoursInnerRow\"><div class=\"btWorkingHoursInnerTitle\">Seg &#8211; Sex<\/div><div class=\"btWorkingHoursInnerContent\">9:00 \u00e0s 20:00<\/div><div class=\"btWorkingHoursInnerLink\"><a href=\"#\" title=\"<br \/>&#8220;><br \/><\/a><\/div><\/div><div class=\"btWorkingHoursInnerRow\"><div class=\"btWorkingHoursInnerTitle\">Almo\u00e7o<\/div><div class=\"btWorkingHoursInnerContent\">13:00 \u00e0s 14:30<\/div><div class=\"btWorkingHoursInnerLink\"><a href=\"#\" title=\"<br \/>&#8220;><br \/><\/a><\/div><\/div><div class=\"btWorkingHoursInnerRow\"><div class=\"btWorkingHoursInnerTitle\">S\u00e1bado<\/div><div class=\"btWorkingHoursInnerContent\">9:00 \u00e0s 13:00<\/div><div class=\"btWorkingHoursInnerLink\"><a href=\"#\" title=\"<br \/>&#8220;><br \/><\/a><\/div><\/div><div class=\"btWorkingHoursInnerRow\"><div class=\"btWorkingHoursInnerTitle\">Domingo<\/div><div class=\"btWorkingHoursInnerContent\">Fechado<\/div><\/div><\/div><\/div><div class=\"btClear btSeparator topSemiSpaced noBorder\" ><hr><\/div><header class=\"header btClear medium  btNormalDash\" ><div class=\"dash\"><h3><span class=\"headline\">CONTATO <\/span><\/h3><\/div><\/header><div class=\"btClear btSeparator topExtraSmallSpaced noBorder\" ><hr><\/div><div class=\"btIconImageRow\" ><span class=\"btIco btIcoDefaultType btIcoExtraSmallSize btIcoDefaultColor   \" ><a href=\"http:\/\/about-us\/contact-us\/\" target=\"no_target\" data-ico-s7=\"&#xe638;\" class=\"btIcoHolder\"><em><\/em><span class=\"btIcoText\">Av. S\u00e3o Teot\u00f3nio, Edif. Satus, 1\u00ba<\/span><\/a><\/span><span class=\"btIco btIcoDefaultType btIcoExtraSmallSize btIcoDefaultColor   \" ><a href=\"http:\/\/about-us\/contact-us\/\" target=\"no_target\" data-ico-s7=\"&#xe638;\" class=\"btIcoHolder\"><em><\/em><span class=\"btIcoText\">Salas 58-63, 4930-594 Valen\u00e7a<\/span><\/a><\/span><\/div><div class=\"btClear btSeparator topExtraSmallSpaced bottomExtraSmallSpaced noBorder\" ><hr><\/div><div class=\"btIconImageRow\" ><span class=\"btIco btIcoDefaultType btIcoExtraSmallSize btIcoDefaultColor   \" ><a href=\"mailto:cdvoliveira@me.com\"  target = \"no_target\" data-ico-s7=\"&#xe639;\" class=\"btIcoHolder\"><em><\/em><span class=\"btIcoText\">cdvoliveira@me.com<\/span><\/a><\/span><\/div><div class=\"btClear btSeparator topExtraSmallSpaced bottomExtraSmallSpaced noBorder\" ><hr><\/div><div class=\"btIconImageRow\" ><span class=\"btIco btIcoDefaultType btIcoExtraSmallSize btIcoDefaultColor   \" ><a href=\"tel:+351251826356\"  target = \"no_target\" data-ico-s7=\"&#xe670;\" class=\"btIcoHolder\"><em><\/em><span class=\"btIcoText\">+351 251 826 356<\/span><\/a><\/span><span class=\"btIco btIcoDefaultType btIcoExtraSmallSize btIcoDefaultColor   \" ><span  data-ico-=\"&#038;#x;\" class=\"btIcoHolder\"><em><\/em><span class=\"btIcoText\">*Chamada para a rede fixa nacional,<\/span><\/span><\/span><span class=\"btIco btIcoDefaultType btIcoExtraSmallSize btIcoDefaultColor   \" ><span  data-ico-=\"&#038;#x;\" class=\"btIcoHolder\"><em><\/em><span class=\"btIcoText\">sem valor acrescentado.<\/span><\/span><\/span><\/div><div class=\"btClear btSeparator bottomSemiSpaced noBorder\" ><hr><\/div><\/div><\/div><\/div>\r\n\t\t\t<script type=\"text\/javascript\">\r\n\t\t\t\tjQuery( document ).ready(function() {\r\n\t\t\t\t\tbt_gmap_init( map_canvas69e13d1510ed9, 42.0240883, -8.6423859, 12, \"https:\/\/cdvoliveira.pt\/pt\/wp-content\/uploads\/2015\/11\/map-pin.png\", \"\", \"\", \"\", \"W3siZmVhdHVyZVR5cGUiOiJ3YXRlciIsInN0eWxlcnMiOlt7InNhdHVyYXRpb24iOjQzfSx7ImxpZ2h0bmVzcyI6LTExfSx7Imh1ZSI6IiMwMDg4ZmYifV19LHsiZmVhdHVyZVR5cGUiOiJyb2FkIiwiZWxlbWVudFR5cGUiOiJnZW9tZXRyeS5maWxsIiwic3R5bGVycyI6W3siaHVlIjoiI2ZmMDAwMCJ9LHsic2F0dXJhdGlvbiI6LTEwMH0seyJsaWdodG5lc3MiOjk5fV19LHsiZmVhdHVyZVR5cGUiOiJyb2FkIiwiZWxlbWVudFR5cGUiOiJnZW9tZXRyeS5zdHJva2UiLCJzdHlsZXJzIjpbeyJjb2xvciI6IiM4MDgwODAifSx7ImxpZ2h0bmVzcyI6NTR9XX0seyJmZWF0dXJlVHlwZSI6ImxhbmRzY2FwZS5tYW5fbWFkZSIsImVsZW1lbnRUeXBlIjoiZ2VvbWV0cnkuZmlsbCIsInN0eWxlcnMiOlt7ImNvbG9yIjoiI2VjZTJkOSJ9XX0seyJmZWF0dXJlVHlwZSI6InBvaS5wYXJrIiwiZWxlbWVudFR5cGUiOiJnZW9tZXRyeS5maWxsIiwic3R5bGVycyI6W3siY29sb3IiOiIjY2NkY2ExIn1dfSx7ImZlYXR1cmVUeXBlIjoicm9hZCIsImVsZW1lbnRUeXBlIjoibGFiZWxzLnRleHQuZmlsbCIsInN0eWxlcnMiOlt7ImNvbG9yIjoiIzc2NzY3NiJ9XX0seyJmZWF0dXJlVHlwZSI6InJvYWQiLCJlbGVtZW50VHlwZSI6ImxhYmVscy50ZXh0LnN0cm9rZSIsInN0eWxlcnMiOlt7ImNvbG9yIjoiI2ZmZmZmZiJ9XX0seyJmZWF0dXJlVHlwZSI6InBvaSIsInN0eWxlcnMiOlt7InZpc2liaWxpdHkiOiJvZmYifV19LHsiZmVhdHVyZVR5cGUiOiJsYW5kc2NhcGUubmF0dXJhbCIsImVsZW1lbnRUeXBlIjoiZ2VvbWV0cnkuZmlsbCIsInN0eWxlcnMiOlt7InZpc2liaWxpdHkiOiJvbiJ9LHsiY29sb3IiOiIjYjhjYjkzIn1dfSx7ImZlYXR1cmVUeXBlIjoicG9pLnBhcmsiLCJzdHlsZXJzIjpbeyJ2aXNpYmlsaXR5Ijoib24ifV19LHsiZmVhdHVyZVR5cGUiOiJwb2kuc3BvcnRzX2NvbXBsZXgiLCJzdHlsZXJzIjpbeyJ2aXNpYmlsaXR5Ijoib24ifV19LHsiZmVhdHVyZVR5cGUiOiJwb2kubWVkaWNhbCIsInN0eWxlcnMiOlt7InZpc2liaWxpdHkiOiJvbiJ9XX0seyJmZWF0dXJlVHlwZSI6InBvaS5idXNpbmVzcyIsInN0eWxlcnMiOlt7InZpc2liaWxpdHkiOiJzaW1wbGlmaWVkIn1dfV0=\" );\r\n\t\t\t\t\t});\t\r\n\t\t\t<\/script>\r\n\t\t\t<\/div><\/div><\/div><\/div><\/div><\/div><\/div><\/section><\/p>\n","protected":false},"excerpt":{"rendered":"","protected":false},"author":1,"featured_media":0,"parent":25,"menu_order":0,"comment_status":"closed","ping_status":"closed","template":"","meta":[],"acf":[],"_links":{"self":[{"href":"https:\/\/cdvoliveira.pt\/pt\/wp-json\/wp\/v2\/pages\/27"}],"collection":[{"href":"https:\/\/cdvoliveira.pt\/pt\/wp-json\/wp\/v2\/pages"}],"about":[{"href":"https:\/\/cdvoliveira.pt\/pt\/wp-json\/wp\/v2\/types\/page"}],"author":[{"embeddable":true,"href":"https:\/\/cdvoliveira.pt\/pt\/wp-json\/wp\/v2\/users\/1"}],"replies":[{"embeddable":true,"href":"https:\/\/cdvoliveira.pt\/pt\/wp-json\/wp\/v2\/comments?post=27"}],"version-history":[{"count":35,"href":"https:\/\/cdvoliveira.pt\/pt\/wp-json\/wp\/v2\/pages\/27\/revisions"}],"predecessor-version":[{"id":2147,"href":"https:\/\/cdvoliveira.pt\/pt\/wp-json\/wp\/v2\/pages\/27\/revisions\/2147"}],"up":[{"embeddable":true,"href":"https:\/\/cdvoliveira.pt\/pt\/wp-json\/wp\/v2\/pages\/25"}],"wp:attachment":[{"href":"https:\/\/cdvoliveira.pt\/pt\/wp-json\/wp\/v2\/media?parent=27"}],"curies":[{"name":"wp","href":"https:\/\/api.w.org\/{rel}","templated":true}]}}