{"id":29,"date":"2015-12-24T10:10:51","date_gmt":"2015-12-24T10:10:51","guid":{"rendered":"http:\/\/medical.omnicom-dev.com\/dentist\/?page_id=29"},"modified":"2024-11-21T21:11:16","modified_gmt":"2024-11-21T21:11:16","slug":"appointments","status":"publish","type":"page","link":"https:\/\/cdvoliveira.pt\/pt\/about-us\/appointments\/","title":{"rendered":"Appointments"},"content":{"rendered":"<p><section id=\"bt_section69e1552b72cc4\"  class=\"boldSection topSemiSpaced btDarkSkin gutter inherit wBackground cover btAccentColorBackground\" style=\"background-image:url('https:\/\/cdvoliveira.pt\/pt\/wp-content\/uploads\/2016\/12\/12783635_1069086069778267_2164118630676436773_o.jpg');\"><div class=\"port\"><div class=\"boldCell\"><div class=\"boldCellInner\"><div class=\"boldRow  \" ><div class=\"boldRowInner\"><div class=\"rowItem col-md-9 col-ms-12  btTextLeft animate animate-fadein animate-moveleft inherit\"  ><div class=\"rowItemContent\" ><div class=\"btClear btSeparator topExtraSpaced bottomSmallSpaced noBorder\" ><hr><\/div><header class=\"header btClear extralarge btDash topDash  btNormalDash\" ><div class=\"btSuperTitle\">Sobre n\u00f3s<\/div><div class=\"dash\"><h1><span class=\"headline\">PR\u00c9-MARCA\u00c7\u00c3O ONLINE<\/span><\/h1><\/div><div class=\"btSubTitle\">Para sua comodidade, a Cl\u00ednica Dent\u00e1ria Dr. V\u00edtor Oliveira tem ao seu dispor pr\u00e9-marca\u00e7\u00e3o de consultas on-line 24h.<br \/><br>Se preferir, pode telefonar-nos durante o hor\u00e1rio de abertura da Cl\u00ednica (entre as 9-20 horas, de segunda a sexta-feira): (+351) 251 826 356 *.<br \/><br><\/div><\/header><div class=\"btClear btSeparator topExtraSmallSpaced noBorder\" ><hr><\/div><div class=\"btClear btSeparator topSpaced noBorder\" ><hr><\/div><\/div><\/div><div class=\"rowItem col-md-3 col-sm-6 col-ms-12 btTextLeft\"  ><div class=\"rowItemContent\" ><\/div><\/div><\/div><\/div><\/div><\/div><\/div><\/section><section id=\"bt_section69e1552b73623\"  class=\"boldSection gutter inherit\" style=\"margin-top: -6px;\"><div class=\"port\"><div class=\"boldCell\"><div class=\"boldCellInner\"><div class=\"boldRow  \" ><div class=\"boldRowInner\"><div class=\"rowItem col-md-3 col-sm-6 col-ms-12 btTextLeft inherit\" style=\"background-color: rgba(0, 179, 204, 1);\" ><div class=\"rowItemContent\" ><div class=\"btClear btSeparator topExtraSmallSpaced noBorder\" ><hr><\/div><\/div><\/div><div class=\"rowItem col-md-3 col-sm-6 col-ms-12 btTextLeft inherit\" style=\"background-color: rgba(0, 161, 190, 1);\" ><div class=\"rowItemContent\" ><div class=\"btClear btSeparator topExtraSmallSpaced noBorder\" ><hr><\/div><\/div><\/div><div class=\"rowItem col-md-3 col-sm-6 col-ms-12 btTextLeft inherit\" style=\"background-color: rgba(0, 135, 170, 1);\" ><div class=\"rowItemContent\" ><div class=\"btClear btSeparator topExtraSmallSpaced noBorder\" ><hr><\/div><\/div><\/div><div class=\"rowItem col-md-3 col-sm-6 col-ms-12 btTextLeft inherit\" style=\"background-color: rgba(0, 109, 149, 1);\" ><div class=\"rowItemContent\" ><div class=\"btClear btSeparator topExtraSmallSpaced noBorder\" ><hr><\/div><\/div><\/div><\/div><\/div><\/div><\/div><\/div><\/section><section id=\"bt_section69e1552b73dcb\"  class=\"boldSection topSpaced bottomSpaced gutter inherit\" ><div class=\"port\"><div class=\"boldCell\"><div class=\"boldCellInner\"><div class=\"boldRow  \" ><div class=\"boldRowInner\"><div class=\"rowItem col-md-12 col-ms-12  btTextLeft animate animate-fadein animate-moveleft inherit btDoublePadding\"  ><div class=\"rowItemContent\" ><header class=\"header btClear large btDash topDash  btAccentDash\" ><div class=\"btSuperTitle\">Fa\u00e7a uma visita ao seu m\u00e9dico dentista<\/div><div class=\"dash\"><h2><span class=\"headline\">MARQUE UMA CONSULTA AGORA<\/span><\/h2><\/div><\/header><div class=\"btClear btSeparator bottomSemiSpaced noBorder\" ><hr><\/div><\/div><\/div><\/div><\/div><div class=\"boldRow  \" ><div class=\"boldRowInner\"><div class=\"rowItem btRightBorder col-md-8 col-ms-12 btTextLeft animate animate-fadein inherit btDoublePadding\"  ><div class=\"rowItemContent\" ><div class=\"btText\" ><\/p>\n<div class=\"wpcf7 no-js\" id=\"wpcf7-f338-o1\" lang=\"en-US\" dir=\"ltr\">\n<div class=\"screen-reader-response\">\n<p role=\"status\" aria-live=\"polite\" aria-atomic=\"true\">\n<ul><\/ul>\n<\/div>\n<form action=\"\/pt\/wp-json\/wp\/v2\/pages\/29#wpcf7-f338-o1\" method=\"post\" class=\"wpcf7-form init wpcf7-acceptance-as-validation\" aria-label=\"Contact form\" novalidate=\"novalidate\" data-status=\"init\">\n<div style=\"display: none;\">\n<input type=\"hidden\" name=\"_wpcf7\" value=\"338\" \/><br \/>\n<input type=\"hidden\" name=\"_wpcf7_version\" value=\"5.8.7\" \/><br \/>\n<input type=\"hidden\" name=\"_wpcf7_locale\" value=\"en_US\" \/><br \/>\n<input type=\"hidden\" name=\"_wpcf7_unit_tag\" value=\"wpcf7-f338-o1\" \/><br \/>\n<input type=\"hidden\" name=\"_wpcf7_container_post\" value=\"0\" \/><br \/>\n<input type=\"hidden\" name=\"_wpcf7_posted_data_hash\" value=\"\" \/>\n<\/div>\n<p>Nome (requerido)\n<\/p>\n<p><span class=\"wpcf7-form-control-wrap\" data-name=\"your-name\"><input size=\"40\" class=\"wpcf7-form-control wpcf7-text wpcf7-validates-as-required\" aria-required=\"true\" aria-invalid=\"false\" value=\"\" type=\"text\" name=\"your-name\" \/><\/span>\n<\/p>\n<p>Email (requerido)\n<\/p>\n<p><span class=\"wpcf7-form-control-wrap\" data-name=\"your-email\"><input size=\"40\" class=\"wpcf7-form-control wpcf7-email wpcf7-validates-as-required wpcf7-text wpcf7-validates-as-email\" aria-required=\"true\" aria-invalid=\"false\" value=\"\" type=\"email\" name=\"your-email\" \/><\/span>\n<\/p>\n<p>Telefone (requerido)\n<\/p>\n<p><span class=\"wpcf7-form-control-wrap\" data-name=\"tel-701\"><input size=\"40\" class=\"wpcf7-form-control wpcf7-tel wpcf7-validates-as-required wpcf7-text wpcf7-validates-as-tel\" aria-required=\"true\" aria-invalid=\"false\" value=\"\" type=\"tel\" name=\"tel-701\" \/><\/span>\n<\/p>\n<p>Selecione o m\u00e9dico(a)\n<\/p>\n<p><span class=\"wpcf7-form-control-wrap\" data-name=\"Doctor\"><select class=\"wpcf7-form-control wpcf7-select\" aria-invalid=\"false\" name=\"Doctor\"><option value=\"Dr. Vitor Oliveira\">Dr. Vitor Oliveira<\/option><option value=\"Dr.\u00aa Gabriela Castro\">Dr.\u00aa Gabriela Castro<\/option><option value=\"Dr.\u00aa Florbela Castro\">Dr.\u00aa Florbela Castro<\/option><option value=\"Dr.\u00aa Elisabete Barbosa\">Dr.\u00aa Elisabete Barbosa<\/option><option value=\"Dr.\u00aa Sofia Barbosa\">Dr.\u00aa Sofia Barbosa<\/option><option value=\"Dr.\u00aa Teresa Rodrigues\">Dr.\u00aa Teresa Rodrigues<\/option><option value=\"Dr.\u00aa Marisa Furtado\">Dr.\u00aa Marisa Furtado<\/option><option value=\"Dr. Pedro Franqueiro\">Dr. Pedro Franqueiro<\/option><option value=\"Dr. Francisco Lamela\">Dr. Francisco Lamela<\/option><\/select><\/span>\n<\/p>\n<p>Selecione data da consulta\n<\/p>\n<p><span class=\"wpcf7-form-control-wrap\" data-name=\"date-638\"><input class=\"wpcf7-form-control wpcf7-date wpcf7-validates-as-required wpcf7-validates-as-date\" aria-required=\"true\" aria-invalid=\"false\" value=\"\" type=\"date\" name=\"date-638\" \/><\/span>\n<\/p>\n<p>Mensagem Adicional\n<\/p>\n<p><span class=\"wpcf7-form-control-wrap\" data-name=\"Additional\"><textarea cols=\"40\" rows=\"10\" class=\"wpcf7-form-control wpcf7-textarea\" aria-invalid=\"false\" name=\"Additional\"><\/textarea><\/span>\n<\/p>\n<p><label> Pol\u00edtica de Privacidade e de Prote\u00e7\u00e3o de Dados:<br \/>\nO utilizador \u00e9 o \u00fanico e exclusivo respons\u00e1vel por todas e quaisquer informa\u00e7\u00f5es que forne\u00e7a neste site.<br \/>\nOs seus dados n\u00e3o ser\u00e3o transmitidos a terceiros, ser\u00e3o utilizados unicamente para fornecimento de servi\u00e7os e de gest\u00e3o administrativa. Este procedimento est\u00e1 de acordo com o Regulamento 2016\/679 do Parlamento Europeu de 26 de Abril de 2016, aplic\u00e1vel a 25 de Maio de 2018.<br \/>\nConfirmo e aceito: <span class=\"wpcf7-form-control-wrap\" data-name=\"acceptance-747\"><span class=\"wpcf7-form-control wpcf7-acceptance\"><span class=\"wpcf7-list-item\"><input type=\"checkbox\" name=\"acceptance-747\" value=\"1\" aria-invalid=\"false\" \/><\/span><\/span><\/span> <\/label>\n<\/p>\n<p>Depois de enviar o formul\u00e1rio, vamos entrar em contacto para confirmar o dia e hora mediante a sua prefer\u00eancia!\n<\/p>\n<p><input class=\"wpcf7-form-control wpcf7-submit has-spinner\" type=\"submit\" value=\"Marque a consulta\" \/>\n<\/p>\n<p style=\"display: none !important;\" class=\"akismet-fields-container\" data-prefix=\"_wpcf7_ak_\"><label>&#916;<textarea name=\"_wpcf7_ak_hp_textarea\" cols=\"45\" rows=\"8\" maxlength=\"100\"><\/textarea><\/label><input type=\"hidden\" id=\"ak_js_1\" name=\"_wpcf7_ak_js\" value=\"246\"\/><script>document.getElementById( \"ak_js_1\" ).setAttribute( \"value\", ( new Date() ).getTime() );<\/script><\/p>\n<div class=\"wpcf7-response-output\" aria-hidden=\"true\"><\/div>\n<\/form>\n<\/div>\n<p>\n<\/div><\/div><\/div><div class=\"rowItem col-md-4 col-ms-12 btTextLeft animate animate-fadein inherit btDoublePadding\"  ><div class=\"rowItemContent\" ><div class=\"btClear btSeparator bottomSemiSpaced noBorder\" ><hr><\/div><div class=\"servicesItem  btIcoAccentColorIcon btIcoMediumSizeIcon  \"><div class=\"sIcon\"><span class=\"btIco btIcoMediumSize btIcoDefaultType btIcoAccentColor\" ><span  data-ico-cs=\"&#xe9d2;\" class=\"btIcoHolder\"><em><\/em><\/span><\/span><\/div><div class=\"sTxt\"><header class=\"header btClear small\" ><div class=\"dash\"><h4><span class=\"headline\">VISITA AO DOMICILIO<\/span><\/h4><\/div><\/header><p>Chamada com custo ligue 24\/7<br \/><br\/>+351 251 826 356 *<\/p><\/div><\/div><div class=\"btClear btSeparator bottomSemiSpaced noBorder\" ><hr><\/div><div class=\"servicesItem  btIcoAccentColorIcon btIcoMediumSizeIcon  \"><div class=\"sIcon\"><span class=\"btIco btIcoMediumSize btIcoDefaultType btIcoAccentColor\" ><span  data-ico-cs=\"&#xe942;\" class=\"btIcoHolder\"><em><\/em><\/span><\/span><\/div><div class=\"sTxt\"><header class=\"header btClear small\" ><div class=\"dash\"><h4><span class=\"headline\">TELEFONE DE CONTATO<\/span><\/h4><\/div><\/header><p>Dentro do hor\u00e1rio de trabalho<br \/><br\/>+351 251 826 356<br \/><br\/>*Chamada para a rede fixa nacional, sem valor acrescentado.<\/p><\/div><\/div><\/div><\/div><\/div><\/div><\/div><\/div><\/div><\/section><\/p>\n","protected":false},"excerpt":{"rendered":"","protected":false},"author":1,"featured_media":0,"parent":25,"menu_order":0,"comment_status":"closed","ping_status":"closed","template":"","meta":[],"acf":[],"_links":{"self":[{"href":"https:\/\/cdvoliveira.pt\/pt\/wp-json\/wp\/v2\/pages\/29"}],"collection":[{"href":"https:\/\/cdvoliveira.pt\/pt\/wp-json\/wp\/v2\/pages"}],"about":[{"href":"https:\/\/cdvoliveira.pt\/pt\/wp-json\/wp\/v2\/types\/page"}],"author":[{"embeddable":true,"href":"https:\/\/cdvoliveira.pt\/pt\/wp-json\/wp\/v2\/users\/1"}],"replies":[{"embeddable":true,"href":"https:\/\/cdvoliveira.pt\/pt\/wp-json\/wp\/v2\/comments?post=29"}],"version-history":[{"count":9,"href":"https:\/\/cdvoliveira.pt\/pt\/wp-json\/wp\/v2\/pages\/29\/revisions"}],"predecessor-version":[{"id":2374,"href":"https:\/\/cdvoliveira.pt\/pt\/wp-json\/wp\/v2\/pages\/29\/revisions\/2374"}],"up":[{"embeddable":true,"href":"https:\/\/cdvoliveira.pt\/pt\/wp-json\/wp\/v2\/pages\/25"}],"wp:attachment":[{"href":"https:\/\/cdvoliveira.pt\/pt\/wp-json\/wp\/v2\/media?parent=29"}],"curies":[{"name":"wp","href":"https:\/\/api.w.org\/{rel}","templated":true}]}}