{"id":38,"date":"2015-12-24T10:12:17","date_gmt":"2015-12-24T10:12:17","guid":{"rendered":"http:\/\/medical.omnicom-dev.com\/dentist\/?page_id=38"},"modified":"2020-08-12T23:09:58","modified_gmt":"2020-08-12T23:09:58","slug":"procedures","status":"publish","type":"page","link":"https:\/\/cdvoliveira.pt\/pt\/pages\/procedures\/","title":{"rendered":"Procedures"},"content":{"rendered":"<p><section id=\"bt_section69e9ff4a43a0d\"  class=\"boldSection topSemiSpaced btDarkSkin gutter inherit wBackground cover btAccentColorBackground\" style=\"background-image:url('https:\/\/cdvoliveira.pt\/pt\/wp-content\/uploads\/2015\/12\/banner-equipa-reuniao.jpg');\"><div class=\"port\"><div class=\"boldCell\"><div class=\"boldCellInner\"><div class=\"boldRow  \" ><div class=\"boldRowInner\"><div class=\"rowItem col-md-9 col-ms-12  btTextLeft animate animate-fadein animate-moveleft inherit\"  ><div class=\"rowItemContent\" ><div class=\"btClear btSeparator topExtraSpaced bottomSmallSpaced noBorder\" ><hr><\/div><header class=\"header btClear extralarge btDash topDash  btNormalDash\" ><div class=\"btSuperTitle\">Como fazemos isso?<\/div><div class=\"dash\"><h1><span class=\"headline\">PROCEDIMENTOS DENTAIS<\/span><\/h1><\/div><\/header><div class=\"btClear btSeparator topSpaced noBorder\" ><hr><\/div><\/div><\/div><div class=\"rowItem col-md-3 col-sm-6 col-ms-12 btTextLeft\"  ><div class=\"rowItemContent\" ><\/div><\/div><\/div><\/div><\/div><\/div><\/div><\/section><section id=\"bt_section69e9ff4a443e8\"  class=\"boldSection gutter inherit\" style=\"margin-top: -6px;\"><div class=\"port\"><div class=\"boldCell\"><div class=\"boldCellInner\"><div class=\"boldRow  \" ><div class=\"boldRowInner\"><div class=\"rowItem col-md-3 col-sm-6 col-ms-12 btTextLeft inherit\" style=\"background-color: rgba(0, 179, 204, 1);\" ><div class=\"rowItemContent\" ><div class=\"btClear btSeparator topExtraSmallSpaced noBorder\" ><hr><\/div><\/div><\/div><div class=\"rowItem col-md-3 col-sm-6 col-ms-12 btTextLeft inherit\" style=\"background-color: rgba(0, 161, 190, 1);\" ><div class=\"rowItemContent\" ><div class=\"btClear btSeparator topExtraSmallSpaced noBorder\" ><hr><\/div><\/div><\/div><div class=\"rowItem col-md-3 col-sm-6 col-ms-12 btTextLeft inherit\" style=\"background-color: rgba(0, 135, 170, 1);\" ><div class=\"rowItemContent\" ><div class=\"btClear btSeparator topExtraSmallSpaced noBorder\" ><hr><\/div><\/div><\/div><div class=\"rowItem col-md-3 col-sm-6 col-ms-12 btTextLeft inherit\" style=\"background-color: rgba(0, 109, 149, 1);\" ><div class=\"rowItemContent\" ><div class=\"btClear btSeparator topExtraSmallSpaced noBorder\" ><hr><\/div><\/div><\/div><\/div><\/div><\/div><\/div><\/div><\/section><section id=\"bt_section69e9ff4a44e09\" data-parallax=\"0\" data-parallax-offset=\"0\" class=\"boldSection topSpaced bottomSpaced gutter inherit btParallax\" ><div class=\"port\"><div class=\"boldCell\"><div class=\"boldCellInner\"><div class=\"boldRow  \" ><div class=\"boldRowInner\"><div class=\"rowItem col-md-12 col-ms-12  btTextLeft animate animate-fadein inherit btDoublePadding\"  ><div class=\"rowItemContent\" ><header class=\"header btClear large btDash topDash  btNormalDash\" ><div class=\"btSuperTitle\">a nossa experi\u00eancia<\/div><div class=\"dash\"><h2><span class=\"headline\">PROCEDIMENTOS E EFIC\u00c1CIA<\/span><\/h2><\/div><\/header><div class=\"btClear btSeparator topSemiSpaced noBorder\" ><hr><\/div><\/div><\/div><\/div><\/div><div class=\"boldRow  \" ><div class=\"boldRowInner\"><div class=\"rowItem btRightBorder col-md-6 col-sm-12 btTextLeft inherit btDoublePadding\"  ><div class=\"rowItemContent\" ><div class=\"btText\" ><\/p>\n<p style=\"text-align: left;\">Face \u00e0 evolu\u00e7\u00e3o permanente da Medicina Dent\u00e1ria, bem como as diversas necessidades dos pacientes nesse campo, a nossa aposta \u00e9 no desenvolvimento cont\u00ednuo e diversificado dos nossos servi\u00e7os. Como tal dispomos das seguintes especialidades:<\/p>\n<p style=\"text-align: left;\">Implantologia Ortodontia Odontopediatria Endodontia Periodontologia Higiene Oral Oclus\u00e3o Pr\u00f3tese Fixa Cirurgia Oral.<\/p>\n<p>\n<\/div><\/div><\/div><div class=\"rowItem col-md-6 col-sm-12 btTextLeft inherit btDoublePadding\"  ><div class=\"rowItemContent\" ><div class=\"btProgressBar animate btProgressBarFilledStyle\" ><div class=\"btProgressContent\"><div data-percentage=\"98\" class=\"btProgressAnim animate\" ><\/div><\/div><span>98%<\/span><\/div><header class=\"header btClear small  btNormalDash\" ><div class=\"dash\"><h4><span class=\"headline\">CIRURGIA DENTAL<\/span><\/h4><\/div><\/header><div class=\"btClear btSeparator topSmallSpaced noBorder\" ><hr><\/div><div class=\"btProgressBar animate btProgressBarFilledStyle\" ><div class=\"btProgressContent\"><div data-percentage=\"97\" class=\"btProgressAnim animate\" ><\/div><\/div><span>97%<\/span><\/div><header class=\"header btClear small  btNormalDash\" ><div class=\"dash\"><h4><span class=\"headline\">EST\u00c9TICA DENT\u00c1RIA<\/span><\/h4><\/div><\/header><div class=\"btClear btSeparator topSmallSpaced noBorder\" ><hr><\/div><div class=\"btProgressBar animate btProgressBarFilledStyle\" ><div class=\"btProgressContent\"><div data-percentage=\"99\" class=\"btProgressAnim animate\" ><\/div><\/div><span>99%<\/span><\/div><header class=\"header btClear small  btNormalDash\" ><div class=\"dash\"><h4><span class=\"headline\">EXTRA\u00c7\u00c3O DE DENTES<\/span><\/h4><\/div><\/header><\/div><\/div><\/div><\/div><\/div><\/div><\/div><\/section><section id=\"bt_section69e9ff4a468e8\" data-parallax=\"0.5\" data-parallax-offset=\"0\" class=\"boldSection topSpaced gutter inherit btParallax wBackground cover\" style=\"background-image:url('https:\/\/cdvoliveira.pt\/pt\/wp-content\/uploads\/2016\/12\/12748009_1069086093111598_1099049021146894555_o.jpg');\"><div class=\"port\"><div class=\"boldCell\"><div class=\"boldCellInner\"><div class=\"boldRow  \" ><div class=\"boldRowInner\"><div class=\"rowItem col-md-8 col-ms-12 btTextLeft animate animate-fadein inherit\" style=\"background-color: rgba(255, 255, 255, 0.7);\" ><div class=\"rowItemContent\" ><div class=\"btClear btSeparator bottomSmallSpaced noBorder\" ><hr><\/div><div class=\"boldRow boldInnerRow  \" ><div class=\"rowItem rowInnerItem col-md-6  btTextLeft inherit\" style=\"background-color: rgba(255, 255, 255, 0.4);\" ><div class=\"rowItemContent\"><div class=\"servicesItem  btIcoAccentColorIcon btIcoMediumSizeIcon  \"><div class=\"sIcon\"><span class=\"btIco btIcoMediumSize btIcoDefaultType btIcoAccentColor\" ><span  data-ico-cs=\"&#xe9e6;\" class=\"btIcoHolder\"><em><\/em><\/span><\/span><\/div><div class=\"sTxt\"><header class=\"header btClear small\" ><div class=\"dash\"><h4><span class=\"headline\">INFORMA\u00c7\u00d5ES NA RECEP\u00c7\u00c3O<\/span><\/h4><\/div><\/header><p>H\u00e1 chegada de um paciente na rece\u00e7\u00e3o tem um profissional qualificado, pois, este \u00e9 o primeiro contato do cliente com a cl\u00ednica.<\/p><\/div><\/div><div class=\"btClear btSeparator bottomSemiSpaced noBorder\" ><hr><\/div><div class=\"servicesItem  btIcoAccentColorIcon btIcoMediumSizeIcon  \"><div class=\"sIcon\"><span class=\"btIco btIcoMediumSize btIcoDefaultType btIcoAccentColor\" ><span  data-ico-cs=\"&#xe9d7;\" class=\"btIcoHolder\"><em><\/em><\/span><\/span><\/div><div class=\"sTxt\"><header class=\"header btClear small\" ><div class=\"dash\"><h4><span class=\"headline\">INSTALA\u00c7\u00d5ES MODERNAS<\/span><\/h4><\/div><\/header><p>Localizada num local privilegiado e de f\u00e1cil acesso em pleno centro de Valen\u00e7a, com facilidade de Estacionamento a Cl\u00ednica Dent\u00e1ria Dr. V\u00edtor Oliveira \u00e9, por excel\u00eancia, um espa\u00e7o onde todas as pessoas s\u00e3o tratados de forma personalizada e distinta.<\/p><br\/><p><\/p><\/div><\/div><div class=\"btClear btSeparator bottomSemiSpaced noBorder\" ><hr><\/div><div class=\"servicesItem  btIcoAccentColorIcon btIcoMediumSizeIcon  \"><div class=\"sIcon\"><span class=\"btIco btIcoMediumSize btIcoDefaultType btIcoAccentColor\" ><span  data-ico-cs=\"&#xe9c9;\" class=\"btIcoHolder\"><em><\/em><\/span><\/span><\/div><div class=\"sTxt\"><header class=\"header btClear small\" ><div class=\"dash\"><h4><span class=\"headline\">NA VANGUARDA DA INOVA\u00c7\u00c3O<\/span><\/h4><\/div><\/header><p>Na Cl\u00ednica Dent\u00e1ria Dr. V\u00edtor Oliveira, exercemos uma medicina dent\u00e1ria atualizada, recorrendo sempre aos avan\u00e7os tecnol\u00f3gicos que o Mercado apresenta nesta \u00e1rea. Assim, aliando a nossa equipa altamente especializada \u00e0s tecnologias existentes, praticamos uma medicina dent\u00e1ria atualizada, respons\u00e1vel e inovadora.<\/p><\/div><\/div><\/div><\/div><div class=\"rowItem rowInnerItem col-md-6  btTextLeft inherit\" style=\"background-color: rgba(255, 255, 255, 0.4);\" ><div class=\"rowItemContent\"><div class=\"servicesItem  btIcoAccentColorIcon btIcoMediumSizeIcon  \"><div class=\"sIcon\"><span class=\"btIco btIcoMediumSize btIcoDefaultType btIcoAccentColor\" ><span  data-ico-cs=\"&#xe9ac;\" class=\"btIcoHolder\"><em><\/em><\/span><\/span><\/div><div class=\"sTxt\"><header class=\"header btClear small\" ><div class=\"dash\"><h4><span class=\"headline\">PLANOS DE PAGAMENTO<\/span><\/h4><\/div><\/header><p>A Cl\u00ednica Dent\u00e1ria Dr. V\u00edtor Oliveira possibilita-lhe o pagamento faseado do seu plano de tratamento, que engloba a recupera\u00e7\u00e3o total da sua sa\u00fade oral num espa\u00e7o de tempo curto realizando tratamentos curativos, funcionais e\/ou est\u00e9ticos de forma r\u00e1pida, espec\u00edfica, personalizada, confort\u00e1vel recorrendo a um sistema de pagamentos em suaves presta\u00e7\u00f5es.<\/p><\/div><\/div><div class=\"btClear btSeparator bottomSemiSpaced noBorder\" ><hr><\/div><div class=\"servicesItem  btIcoAccentColorIcon btIcoMediumSizeIcon  \"><div class=\"sIcon\"><span class=\"btIco btIcoMediumSize btIcoDefaultType btIcoAccentColor\" ><span  data-ico-cs=\"&#xe9da;\" class=\"btIcoHolder\"><em><\/em><\/span><\/span><\/div><div class=\"sTxt\"><header class=\"header btClear small\" ><div class=\"dash\"><h4><span class=\"headline\">CHECK-UPS REGULARES<\/span><\/h4><\/div><\/header><p>Consiste numa consulta de \u00e2mbito preventivo, na qual o M\u00e9dico Dentista realiza um diagn\u00f3stico completo da higiene e sa\u00fade oral (estado dos tecidos moles, dentes e osso de suporte), analisa aspetos funcionais da boca e dos dentes (oclus\u00e3o) e realiza uma avalia\u00e7\u00e3o est\u00e9tica do perfil, cor dos dente, etc.<br \/><br\/>N\u00e3o havendo nenhuma situa\u00e7\u00e3o detetada agenda-se uma nova consulta de limpeza e check-up oral no per\u00edodo de 6 meses. Quando existe alguma situa\u00e7\u00e3o que deve ser tratada faz-se um plano de tratamentos para retomar os n\u00edveis normais de sa\u00fade oral.<br \/><br\/><\/p><\/div><\/div><div class=\"btClear btSeparator bottomSemiSpaced noBorder\" ><hr><\/div><\/div><\/div><\/div><\/div><\/div><div class=\"rowItem col-md-4 col-ms-12 btTextLeft animate animate-fadein animate-moveleft inherit\"  ><div class=\"rowItemContent\" ><div class=\"bpgPhoto btTextCenter\" ><div class=\"btImage\"><img src=\"\" alt=\"\" title=\"\"><\/div><\/div><\/div><\/div><\/div><\/div><\/div><\/div><\/div><\/section><\/p>\n","protected":false},"excerpt":{"rendered":"","protected":false},"author":1,"featured_media":0,"parent":33,"menu_order":0,"comment_status":"closed","ping_status":"closed","template":"","meta":[],"acf":[],"_links":{"self":[{"href":"https:\/\/cdvoliveira.pt\/pt\/wp-json\/wp\/v2\/pages\/38"}],"collection":[{"href":"https:\/\/cdvoliveira.pt\/pt\/wp-json\/wp\/v2\/pages"}],"about":[{"href":"https:\/\/cdvoliveira.pt\/pt\/wp-json\/wp\/v2\/types\/page"}],"author":[{"embeddable":true,"href":"https:\/\/cdvoliveira.pt\/pt\/wp-json\/wp\/v2\/users\/1"}],"replies":[{"embeddable":true,"href":"https:\/\/cdvoliveira.pt\/pt\/wp-json\/wp\/v2\/comments?post=38"}],"version-history":[{"count":27,"href":"https:\/\/cdvoliveira.pt\/pt\/wp-json\/wp\/v2\/pages\/38\/revisions"}],"predecessor-version":[{"id":1589,"href":"https:\/\/cdvoliveira.pt\/pt\/wp-json\/wp\/v2\/pages\/38\/revisions\/1589"}],"up":[{"embeddable":true,"href":"https:\/\/cdvoliveira.pt\/pt\/wp-json\/wp\/v2\/pages\/33"}],"wp:attachment":[{"href":"https:\/\/cdvoliveira.pt\/pt\/wp-json\/wp\/v2\/media?parent=38"}],"curies":[{"name":"wp","href":"https:\/\/api.w.org\/{rel}","templated":true}]}}