{"id":690,"date":"2017-01-05T09:59:41","date_gmt":"2017-01-05T09:59:41","guid":{"rendered":"http:\/\/cdvoliveira.pt\/pt\/?page_id=690"},"modified":"2017-05-19T13:17:46","modified_gmt":"2017-05-19T13:17:46","slug":"doctors-profile-gabriela-castro","status":"publish","type":"page","link":"https:\/\/cdvoliveira.pt\/pt\/doctors-profile-gabriela-castro\/","title":{"rendered":"Doctors profile Gabriela Castro"},"content":{"rendered":"<p><section id=\"bt_section69e9ff451b4bf\"  class=\"boldSection topSemiSpaced btDarkSkin gutter inherit wBackground cover btAccentColorBackground\" style=\"background-image:url('https:\/\/cdvoliveira.pt\/pt\/wp-content\/uploads\/2017\/01\/banner-01-dr.-gabriela-1.jpg');\"><div class=\"port\"><div class=\"boldCell\"><div class=\"boldCellInner\"><div class=\"boldRow  \" ><div class=\"boldRowInner\"><div class=\"rowItem col-md-4 col-ms-12 btTextLeft animate animate-fadein animate-moveright btBottomVertical btNoPadding\"  ><div class=\"rowItemContent\" ><div class=\"bpgPhoto btTextCenter\" ><div class=\"btImage\"><img src=\"https:\/\/cdvoliveira.pt\/pt\/wp-content\/uploads\/2017\/01\/dr.gabriela280x280transp-1.png\" alt=\"\" title=\"\"><\/div><\/div><\/div><\/div><div class=\"rowItem col-md-8 col-ms-12 btTextLeft animate animate-fadein animate-moveleft inherit btDoublePadding\"  ><div class=\"rowItemContent\" ><div class=\"btClear btSeparator topExtraSpaced bottomSmallSpaced noBorder\" ><hr><\/div><header class=\"header btClear extralarge btDash topDash  btNormalDash\" ><div class=\"btSuperTitle\">M\u00e9dica Dentista<\/div><div class=\"dash\"><h1><span class=\"headline\">DR. GABRIELA CASTRO<\/span><\/h1><\/div><\/header><div class=\"btClear btSeparator topExtraSmallSpaced noBorder\" ><hr><\/div><div class=\"btIconImageRow btIconsNormalPosition\" ><span class=\"btIco btIcoFilledType btIcoMediumSize btIcoAccentColor   \" ><span  data-ico-cs=\"&#xe9bb;\" class=\"btIcoHolder\"><em><\/em><\/span><\/span><span class=\"btIco btIcoFilledType btIcoMediumSize btIcoAccentColor   \" ><span  data-ico-cs=\"&#xe9bc;\" class=\"btIcoHolder\"><em><\/em><\/span><\/span><span class=\"btIco btIcoFilledType btIcoMediumSize btIcoAccentColor   \" ><span  data-ico-cs=\"&#xe9b8;\" class=\"btIcoHolder\"><em><\/em><\/span><\/span><\/div><div class=\"btClear btSeparator topSpaced noBorder\" ><hr><\/div><\/div><\/div><\/div><\/div><\/div><\/div><\/div><\/section><section id=\"bt_section69e9ff451c87e\"  class=\"boldSection gutter inherit\" style=\"margin-top: -6px;\"><div class=\"port\"><div class=\"boldCell\"><div class=\"boldCellInner\"><div class=\"boldRow  \" ><div class=\"boldRowInner\"><div class=\"rowItem col-md-3 col-sm-6 col-ms-12 btTextLeft inherit\" style=\"background-color: rgba(0, 179, 204, 1);\" ><div class=\"rowItemContent\" ><div class=\"btClear btSeparator topExtraSmallSpaced noBorder\" ><hr><\/div><\/div><\/div><div class=\"rowItem col-md-3 col-sm-6 col-ms-12 btTextLeft inherit\" style=\"background-color: rgba(0, 161, 190, 1);\" ><div class=\"rowItemContent\" ><div class=\"btClear btSeparator topExtraSmallSpaced noBorder\" ><hr><\/div><\/div><\/div><div class=\"rowItem col-md-3 col-sm-6 col-ms-12 btTextLeft inherit\" style=\"background-color: rgba(0, 135, 170, 1);\" ><div class=\"rowItemContent\" ><div class=\"btClear btSeparator topExtraSmallSpaced noBorder\" ><hr><\/div><\/div><\/div><div class=\"rowItem col-md-3 col-sm-6 col-ms-12 btTextLeft inherit\" style=\"background-color: rgba(0, 109, 149, 1);\" ><div class=\"rowItemContent\" ><div class=\"btClear btSeparator topExtraSmallSpaced noBorder\" ><hr><\/div><\/div><\/div><\/div><\/div><\/div><\/div><\/div><\/section><section id=\"bt_section69e9ff451ce05\"  class=\"boldSection topSemiSpaced bottomSpaced gutter inherit\" style=\"background-color:#9e9e9e;\"><div class=\"port\"><div class=\"boldCell\"><div class=\"boldCellInner\"><div class=\"boldRow  \" ><div class=\"boldRowInner\"><div class=\"rowItem btRightBorder col-md-4 col-ms-12 btTextLeft animate animate-fadein animate-moveup btTextIndent inherit btDoublePadding\"  ><div class=\"rowItemContent\" ><div class=\"btClear btSeparator topSmallSpaced noBorder\" ><hr><\/div><header class=\"header btClear medium  btNormalDash\" ><div class=\"btSuperTitle\">Visite a Dr.\u00aa Gabriela<\/div><div class=\"dash\"><h3><span class=\"headline\">DIAS DE CONSULTA<\/span><\/h3><\/div><\/header><div class=\"btClear btSeparator topSmallSpaced noBorder\" ><hr><\/div><div class=\"btWorkingHours  btWorkingHoursHasLink \" ><div class=\"btWorkingHoursInner\"><div class=\"btWorkingHoursInnerRow\"><div class=\"btWorkingHoursInnerTitle\">SEGUNDA<\/div><div class=\"btWorkingHoursInnerContent\">08:00-20:00<\/div><div class=\"btWorkingHoursInnerLink\"><a href=\"appointments<br \/>&#8221; title=&#8221;BOOK&#8221;>BOOK<\/a><\/div><\/div><div class=\"btWorkingHoursInnerRow\"><div class=\"btWorkingHoursInnerTitle\">TER\u00c7A<\/div><div class=\"btWorkingHoursInnerContent\">09:00-20:00<\/div><div class=\"btWorkingHoursInnerLink\"><a href=\"appointments<br \/>&#8221; title=&#8221;BOOK&#8221;>BOOK<\/a><\/div><\/div><div class=\"btWorkingHoursInnerRow\"><div class=\"btWorkingHoursInnerTitle\">QUARTA<\/div><div class=\"btWorkingHoursInnerContent\">09:00-20:00<\/div><div class=\"btWorkingHoursInnerLink\"><a href=\"appointments<br \/>&#8221; title=&#8221;BOOK&#8221;>BOOK<\/a><\/div><\/div><div class=\"btWorkingHoursInnerRow\"><div class=\"btWorkingHoursInnerTitle\">QUINTA<\/div><div class=\"btWorkingHoursInnerContent\">09:00-20:00<\/div><div class=\"btWorkingHoursInnerLink\"><a href=\"appointments<br \/>&#8221; title=&#8221;BOOK&#8221;>BOOK<\/a><\/div><\/div><div class=\"btWorkingHoursInnerRow\"><div class=\"btWorkingHoursInnerTitle\">SEXTA<\/div><div class=\"btWorkingHoursInnerContent\">09:00-20:00<\/div><div class=\"btWorkingHoursInnerLink\"><a href=\"appointments<br \/>&#8221; title=&#8221;BOOK&#8221;>BOOK<\/a><\/div><\/div><div class=\"btWorkingHoursInnerRow\"><div class=\"btWorkingHoursInnerTitle\">S\u00c1BADO<\/div><div class=\"btWorkingHoursInnerContent\">09:00-13:00<\/div><div class=\"btWorkingHoursInnerLink\"><a href=\"appointments \" title=\"BOOK\">BOOK<\/a><\/div><\/div><\/div><\/div><div class=\"btClear btSeparator bottomSemiSpaced border\" ><hr><\/div><div class=\"btClear btSeparator topExtraSmallSpaced noBorder\" ><hr><\/div><header class=\"header btClear medium  btNormalDash\" ><div class=\"btSuperTitle\">Contato Dr.\u00aa Gabriela<\/div><div class=\"dash\"><h3><span class=\"headline\">CONTATO <\/span><\/h3><\/div><\/header><div class=\"btClear btSeparator topExtraSmallSpaced noBorder\" ><hr><\/div><div class=\"btIconImageRow btIconsNormalPosition\" ><span class=\"btIco btIcoDefaultType btIcoSmallSize btIcoDefaultColor   \" ><a href=\"tel:+351251826356\"  target = \"no_target\" data-ico-fa=\"&#xf095;\" class=\"btIcoHolder\"><em><\/em><span class=\"btIcoText\">+351 251 826 356<\/span><\/a><\/span><\/div><div class=\"btClear btSeparator topExtraSmallSpaced noBorder\" ><hr><\/div><div class=\"btIconImageRow btIconsNormalPosition\" ><span class=\"btIco btIcoDefaultType btIcoSmallSize btIcoDefaultColor   \" ><a href=\"mailto:cdvoliveira@me.com\"  target = \"no_target\" data-ico-fa=\"&#xf003;\" class=\"btIcoHolder\"><em><\/em><span class=\"btIcoText\">cdvoliveira@me.com<\/span><\/a><\/span><\/div><div class=\"btClear btSeparator topExtraSmallSpaced noBorder\" ><hr><\/div><div class=\"btIconImageRow btIconsNormalPosition\" ><span class=\"btIco btIcoDefaultType btIcoSmallSize btIcoDefaultColor   \" ><a href=\"https:\/\/cdvoliveira.pt\/pt\/about-us\/appointments\/\"  target = \"no_target\" data-ico-fa=\"&#xf073;\" class=\"btIcoHolder\"><em><\/em><span class=\"btIcoText\">Marque uma consulta<\/span><\/a><\/span><\/div><div class=\"btClear btSeparator topSemiSpaced noBorder\" ><hr><\/div><\/div><\/div><div class=\"rowItem col-md-8 col-ms-12 btTextLeft animate animate-fadein inherit btDoublePadding\"  ><div class=\"rowItemContent\" ><div class=\"boldRow boldInnerRow  \" ><div class=\"rowItem rowInnerItem col-md-6  btTextLeft\"  ><div class=\"rowItemContent\"><div class=\"btText\" ><\/p>\n<section class=\"page-section pad-top-2\">\n<p style=\"text-align: justify;\">O <strong>M\u00e9dico<\/strong> <strong>Dentista<\/strong> \u00e9 o profissional da sa\u00fade capacitado na \u00e1rea de odontologia e dever\u00e1 estar inscrito na Ordem dos M\u00e9dicos Dentistas para poder ser reconhecido como tal e exercer legalmente a sua atividade.<\/p>\n<p style=\"text-align: justify;\"><strong>Fun\u00e7\u00f5es:<\/strong> O m\u00e9dico dentista observa os dentes, as gengivas e arcadas dent\u00e1rias dos pacientes para diagn\u00f3stico. Desenvolve tratamentos como extra\u00e7\u00e3o, restaura\u00e7\u00e3o ou desvitaliza\u00e7\u00e3o de dentes. Trata c\u00e1ries, remove o t\u00e1rtaro, coloca aparelhos de corre\u00e7\u00e3o, coloca pr\u00f3teses dent\u00e1rias e faz interven\u00e7\u00f5es cir\u00fargicas.<\/p>\n<p style=\"text-align: justify;\"><strong>Requisitos:<\/strong> Destreza manual e capacidade de comunica\u00e7\u00e3o com os pacientes devem estar associadas a esta profiss\u00e3o. \u00c9 importante saber criar um clima de confian\u00e7a e saber trabalhar em equipa. Igualmente importante \u00e9 uma boa capacidade de diagn\u00f3stico, boa mem\u00f3ria visual, coordena\u00e7\u00e3o manual, grande capacidade de concentra\u00e7\u00e3o, sentido est\u00e9tico e min\u00facia. Deve interessar-se pelo bem estar social, incentivando os utentes a adquirirem h\u00e1bitos preventivos e dando conselhos sobre h\u00e1bitos alimentares.<\/p>\n<\/section>\n<section class=\"page-section\"><\/section>\n<p>\n<\/div><\/div><\/div><div class=\"rowItem rowInnerItem col-md-6  btTextLeft\"  ><div class=\"rowItemContent\"><div class=\"btText\" ><\/p>\n<section class=\"page-section\">\n<p style=\"text-align: justify;\"><strong>\u00c1reas de Actua\u00e7\u00e3o<\/strong><br \/>\n<span style=\"text-decoration: underline;\">Restaura\u00e7\u00e3o<\/span> &#8211; Orienta\u00e7\u00e3o, preven\u00e7\u00e3o, diagn\u00f3stico e tratamento para preservar e devolver aos dentes as suas caracter\u00edsticas funcionais, anat\u00f3micas e est\u00e9ticas.<br \/>\n<span style=\"text-decoration: underline;\">Pr\u00f3teses<\/span> &#8211; Diagn\u00f3stico das estruturas \u00f3sseas dos maxilares, e respectiva orienta\u00e7\u00e3o ao prot\u00e9tico da pr\u00f3tese adequada a cada caso (fixa, parcial remov\u00edvel ou total), com vista \u00e0 recoloca\u00e7\u00e3o de dentes destru\u00eddos ou perdidos.<br \/>\n<span style=\"text-decoration: underline;\">Cirurgia<\/span> &#8211; Diagn\u00f3stico da patologia e seu tratamento atrav\u00e9s de interven\u00e7\u00e3o cir\u00fargica. Nesta \u00e1rea incluem-se tamb\u00e9m as cirurgias para coloca\u00e7\u00e3o de pr\u00f3teses, correc\u00e7\u00e3o da posi\u00e7\u00e3o dos dentes e da mand\u00edbula.<br \/>\n<span style=\"text-decoration: underline;\">Medicina Oral<\/span> &#8211; Nesta \u00e1rea, o m\u00e9dico dentista observa anomalias que se manifestam na regi\u00e3o oral mas que podem ter origens em outras patologias diversas. Uma vez identificada a doen\u00e7a, o dentista encaminha o paciente para terapia adequada.<br \/>\n<span style=\"text-decoration: underline;\">Oncologia<\/span> &#8211; Diagn\u00f3stico e tratamento de tumores malignos na \u00e1rea da regi\u00e3o bucal, que podem exigir interven\u00e7\u00e3o cir\u00fargica.<br \/>\n<span style=\"text-decoration: underline;\">Sa\u00fade P\u00fablica<\/span> &#8211; Actua\u00e7\u00e3o na \u00e1rea da preven\u00e7\u00e3o e educa\u00e7\u00e3o dos indiv\u00edduos e comunidades, visando a melhoria da qualidade de vida dos mesmos.<br \/>\n<span style=\"text-decoration: underline;\">Forense<\/span> &#8211; Realiza\u00e7\u00e3o de exames e peritagens com vista \u00e0 identifica\u00e7\u00e3o de cad\u00e1veres atrav\u00e9s dos dentes. Pesquisa de fen\u00f3menos f\u00edsicos, qu\u00edmicos e biol\u00f3gicos que possam ter afectado ou indiv\u00edduo antes ou depois de morrer.<\/p>\n<\/section>\n<section class=\"page-section\"><\/section>\n<p>\n<\/div><\/div><\/div><\/div><div class=\"btClear btSeparator topSmallSpaced bottomSmallSpaced border\" ><hr><\/div><div class=\"btIconImageRow btTextRight btIconsNormalPosition\" ><span class=\"btIco btIcoOutlineType btIcoSmallSize btIcoDefaultColor   \" ><a href=\"https:\/\/pt-pt.facebook.com\/ClinicaDrVitorOliveira\" target=\"_blank\" data-ico-fa=\"&#xf09a;\" class=\"btIcoHolder\" rel=\"noopener\"><em><\/em><\/a><\/span><\/div><\/div><\/div><\/div><\/div><\/div><\/div><\/div><\/section><section id=\"bt_section69e9ff45209d6\"  class=\"boldSection btDivider topSemiSpaced bottomSmallSpaced btDarkSkin gutter inherit btAccentColorBackground\" ><div class=\"port\"><div class=\"boldCell\"><div class=\"boldCellInner\"><div class=\"boldRow  \" ><div class=\"boldRowInner\"><div class=\"rowItem col-md-12 col-ms-12  btTextLeft animate animate-fadein animate-moveup inherit\"  ><div class=\"rowItemContent\" ><header class=\"header btClear medium  btNormalDash\" ><div class=\"btSuperTitle\">Uma palavra dos nossos pacientes<\/div><div class=\"dash\"><h3><span class=\"headline\">O QUE DIZEM\u2026<\/span><\/h3><\/div><\/header><div class=\"btClear btSeparator topSemiSpaced noBorder\" ><hr><\/div><\/div><\/div><\/div><\/div><div class=\"boldRow  \" ><div class=\"boldRowInner\"><div class=\"rowItem col-md-4 col-ms-12 btTextLeft animate animate-fadein animate-moveup inherit\"  ><div class=\"rowItemContent\" ><div class=\"boldRow boldInnerRow  \" ><div class=\"rowItem rowInnerItem col-md-4  btTextCenter inherit\"  ><div class=\"rowItemContent\"><div class=\"bpgPhoto btTextCenter btCircleImage\"  style=\"max-width: 320px;\"><div class=\"btImage\"><img src=\"https:\/\/cdvoliveira.pt\/pt\/wp-content\/uploads\/2015\/11\/Rute-Augusto-paciente.jpg\" alt=\"\" title=\"\"><\/div><\/div><div class=\"btClear btSeparator topSmallSpaced noBorder\" ><hr><\/div><\/div><\/div><div class=\"rowItem rowInnerItem col-md-8  btTextLeft inherit\"  ><div class=\"rowItemContent\"><div class=\"btText\" ><\/p>\n<p>Aconselhei ao meu marido, que tamb\u00e9m tinha medo de vir ao dentista, e j\u00e1 fez um implante.<\/p>\n<p>\n<\/div><div class=\"btClear btSeparator topSmallSpaced noBorder\" ><hr><\/div><header class=\"header btClear small  btNormalDash\" ><div class=\"dash\"><h4><span class=\"headline\">RUTE AUGUSTO<\/span><\/h4><\/div><\/header><div class=\"btClear btSeparator topSmallSpaced noBorder\" ><hr><\/div><\/div><\/div><\/div><\/div><\/div><div class=\"rowItem col-md-4 col-ms-12 btTextLeft animate animate-fadein animate-moveup inherit\"  ><div class=\"rowItemContent\" ><div class=\"boldRow boldInnerRow  \" ><div class=\"rowItem rowInnerItem col-md-4  btTextCenter inherit\"  ><div class=\"rowItemContent\"><div class=\"bpgPhoto btTextCenter btCircleImage\"  style=\"max-width: 320px;\"><div class=\"btImage\"><img src=\"https:\/\/cdvoliveira.pt\/pt\/wp-content\/uploads\/2015\/11\/CARLA-ESTEVES-PACIENTE.jpg\" alt=\"\" title=\"\"><\/div><\/div><div class=\"btClear btSeparator topSmallSpaced noBorder\" ><hr><\/div><\/div><\/div><div class=\"rowItem rowInnerItem col-md-8  btTextLeft\"  ><div class=\"rowItemContent\"><div class=\"btText\" ><\/p>\n<p>Tenho outras cl\u00ednicas mais perto, mas prefiro esta, e n\u00e3o troco por nada.<\/p>\n<p>\n<\/div><div class=\"btClear btSeparator topSmallSpaced noBorder\" ><hr><\/div><header class=\"header btClear small  btNormalDash\" ><div class=\"dash\"><h4><span class=\"headline\">CARLA ESTEVES<\/span><\/h4><\/div><\/header><div class=\"btClear btSeparator topSmallSpaced noBorder\" ><hr><\/div><\/div><\/div><\/div><\/div><\/div><div class=\"rowItem col-md-4 col-ms-12 btTextLeft animate animate-fadein animate-moveup inherit\"  ><div class=\"rowItemContent\" ><div class=\"boldRow boldInnerRow  \" ><div class=\"rowItem rowInnerItem col-md-4  btTextCenter inherit\"  ><div class=\"rowItemContent\"><div class=\"bpgPhoto btTextCenter btCircleImage\"  style=\"max-width: 320px;\"><div class=\"btImage\"><img src=\"https:\/\/cdvoliveira.pt\/pt\/wp-content\/uploads\/2015\/11\/t\u00e2nia-soares-paciente.jpg\" alt=\"\" title=\"\"><\/div><\/div><div class=\"btClear btSeparator topSmallSpaced noBorder\" ><hr><\/div><\/div><\/div><div class=\"rowItem rowInnerItem col-md-8  btTextLeft\"  ><div class=\"rowItemContent\"><div class=\"btText\" ><\/p>\n<p>S\u00e3o muito atenciosos, se tenho algum problema, at\u00e9 ligo e tudo.<\/p>\n<p>\n<\/div><div class=\"btClear btSeparator topSmallSpaced noBorder\" ><hr><\/div><header class=\"header btClear small  btNormalDash\" ><div class=\"dash\"><h4><span class=\"headline\">T\u00c2NIA SOARES<\/span><\/h4><\/div><\/header><div class=\"btClear btSeparator topSmallSpaced noBorder\" ><hr><\/div><\/div><\/div><\/div><\/div><\/div><\/div><\/div><\/div><\/div><\/div><\/section><section id=\"bt_section69e9ff45249be\"  class=\"boldSection btDivider topSpaced bottomSpaced gutter inherit\" ><div class=\"port\"><div class=\"boldCell\"><div class=\"boldCellInner\"><div class=\"boldRow  \" ><div class=\"boldRowInner\"><div class=\"rowItem col-md-4 col-ms-12 btTextLeft btTopVertical\"  ><div class=\"rowItemContent\" ><header class=\"header btClear large btDash topDash  btAccentDash\" ><div class=\"btSuperTitle\">Dr.\u00aa Gabriela &#8211; OMD 8257<\/div><div class=\"dash\"><h2><span class=\"headline\">OFICIAL CV<\/span><\/h2><\/div><\/header><\/div><\/div><div class=\"rowItem btLeftBorder col-md-8 col-ms-12 btTextLeft animate animate-fadein animate-moveright btTopVertical btDoublePadding\"  ><div class=\"rowItemContent\" ><div class=\"btTabs tabsHorizontal \" \"><ul class=\"tabsHeader\"><li><span>Forma\u00e7\u00e3o Acad\u00e9mica<\/span><\/li><li><span>Cursos e Forma\u00e7\u00f5es<\/span><\/li><\/ul><div class=\"tabPanes tabPanesTabs\"><div class=\"tabPane\">\r\n\t\t\t<div class=\"tabAccordionContent\"><\/p>\n<p>Em atualiza\u00e7\u00e3o&#8230;<\/p>\n<p>\n<\/div>\r\n\t\t<\/div><div class=\"tabPane\">\r\n\t\t\t<div class=\"tabAccordionContent\"><\/p>\n<ul>\n<li>P\u00f3s Gradua\u00e7\u00e3o em Endodontia pelo IUCS<\/li>\n<li>Curso de Endodontia pelo RPC Endo<\/li>\n<li>Pr\u00e1tica na Clinica M\u00e9dica Dent\u00e1ria Sr.\u00aa\u00a0Abadia e Clinica Dent\u00e1ria Dr. V\u00edtor Oliveira<\/li>\n<li>Resid\u00eancia Clinica em Restaura\u00e7\u00f5es Est\u00e9ticas Anteriores, pela All About Dentistry<\/li>\n<li>Resid\u00eancia Clinica de Dentisteria Minimamente Invasiva, Jo\u00e3o Borges Aesthetic Dentistry<\/li>\n<li>V\u00e1rias forma\u00e7\u00f5es em Dentisteria<\/li>\n<\/ul>\n<p>\n<\/div>\r\n\t\t<\/div><\/div><\/div><\/div><\/div><\/div><\/div><\/div><\/div><\/div><\/section><\/p>\n","protected":false},"excerpt":{"rendered":"","protected":false},"author":1,"featured_media":0,"parent":0,"menu_order":0,"comment_status":"closed","ping_status":"closed","template":"","meta":[],"acf":[],"_links":{"self":[{"href":"https:\/\/cdvoliveira.pt\/pt\/wp-json\/wp\/v2\/pages\/690"}],"collection":[{"href":"https:\/\/cdvoliveira.pt\/pt\/wp-json\/wp\/v2\/pages"}],"about":[{"href":"https:\/\/cdvoliveira.pt\/pt\/wp-json\/wp\/v2\/types\/page"}],"author":[{"embeddable":true,"href":"https:\/\/cdvoliveira.pt\/pt\/wp-json\/wp\/v2\/users\/1"}],"replies":[{"embeddable":true,"href":"https:\/\/cdvoliveira.pt\/pt\/wp-json\/wp\/v2\/comments?post=690"}],"version-history":[{"count":23,"href":"https:\/\/cdvoliveira.pt\/pt\/wp-json\/wp\/v2\/pages\/690\/revisions"}],"predecessor-version":[{"id":1243,"href":"https:\/\/cdvoliveira.pt\/pt\/wp-json\/wp\/v2\/pages\/690\/revisions\/1243"}],"wp:attachment":[{"href":"https:\/\/cdvoliveira.pt\/pt\/wp-json\/wp\/v2\/media?parent=690"}],"curies":[{"name":"wp","href":"https:\/\/api.w.org\/{rel}","templated":true}]}}